{"id":2,"date":"2019-06-21T15:57:41","date_gmt":"2019-06-21T13:57:41","guid":{"rendered":"http:\/\/wp.boutique-extasa.com\/?page_id=2"},"modified":"2024-03-04T17:55:20","modified_gmt":"2024-03-04T16:55:20","slug":"page-d-exemple","status":"publish","type":"page","link":"http:\/\/boutique-extasa.com\/de\/","title":{"rendered":"&#8230; wir sprechen deutsch"},"content":{"rendered":"\n<p>Gerne beraten wir Sie ebenfalls in deutscher sprache<br><br>Die zuk\u00fcnftige Braut sucht sich ein Model aus unsere Kollektionen aus.<br>Wir vermitteln ihre Massen an den Hersteller der das Kleid neu auf Ihren Massen anfertigt.<\/p>\n\n\n\n<p>Sie k\u00f6nnen dadurch auch selbsverst\u00e4ndlich \u00c4nderungen an Ihrem Kleid vornehmen. Tr\u00e4ger in jeder Form, Schleppe, usw\u2026 was Ihnen gef\u00e4llt. Sie k\u00f6nnen nat\u00fcrlich auch die Farbe des Kleides ausw\u00e4hlen.<br>Auch Details die Ihnen an einem Modell nicht gefallen sollten kann der Hersteller entfernen.<\/p>\n\n\n\n<p>Unsere Schneiderin pr\u00fcft nochmals Ihr Kleid auf Sitz und L\u00e4nge falls notwendig.<\/p>\n\n\n\n<p>Im Preis inbegriffen! Ohne Zusatzkosten sind:<\/p>\n\n\n\n<ul class=\"wp-block-list\"><li>Reifrock<\/li><li>auf Mass<\/li><li>Farbe w\u00e4hlbar<\/li><li>kleine \u00c4nderungen<\/li><\/ul>\n\n\n\n<p> <code><\/code> <\/p>\n","protected":false},"excerpt":{"rendered":"<p>Gerne beraten wir Sie ebenfalls in deutscher sprache Die zuk\u00fcnftige Braut sucht sich ein Model aus unsere Kollektionen aus.Wir vermitteln ihre Massen an den Hersteller der das Kleid neu auf Ihren Massen anfertigt. Sie k\u00f6nnen dadurch auch selbsverst\u00e4ndlich \u00c4nderungen an Ihrem Kleid vornehmen. Tr\u00e4ger in jeder Form, Schleppe, usw\u2026 was Ihnen gef\u00e4llt. Sie k\u00f6nnen nat\u00fcrlich auch die Farbe des Kleides ausw\u00e4hlen.Auch Details die Ihnen an einem Modell nicht gefallen sollten kann der Hersteller entfernen. Unsere Schneiderin pr\u00fcft nochmals Ihr Kleid&#8230;<\/p>\n<p class=\"read-more\"><a class=\"btn btn-default\" href=\"http:\/\/boutique-extasa.com\/de\/\"> Read More<span class=\"screen-reader-text\">  Read More<\/span><\/a><\/p>\n","protected":false},"author":1,"featured_media":0,"parent":0,"menu_order":0,"comment_status":"closed","ping_status":"open","template":"","meta":{"footnotes":""},"class_list":["post-2","page","type-page","status-publish","hentry"],"translation":{"provider":"WPGlobus","version":"3.0.0","language":"de","enabled_languages":["fr","de"],"languages":{"fr":{"title":true,"content":true,"excerpt":false},"de":{"title":true,"content":true,"excerpt":false}}},"_links":{"self":[{"href":"http:\/\/boutique-extasa.com\/de\/wp-json\/wp\/v2\/pages\/2"}],"collection":[{"href":"http:\/\/boutique-extasa.com\/de\/wp-json\/wp\/v2\/pages"}],"about":[{"href":"http:\/\/boutique-extasa.com\/de\/wp-json\/wp\/v2\/types\/page"}],"author":[{"embeddable":true,"href":"http:\/\/boutique-extasa.com\/de\/wp-json\/wp\/v2\/users\/1"}],"replies":[{"embeddable":true,"href":"http:\/\/boutique-extasa.com\/de\/wp-json\/wp\/v2\/comments?post=2"}],"version-history":[{"count":12,"href":"http:\/\/boutique-extasa.com\/de\/wp-json\/wp\/v2\/pages\/2\/revisions"}],"predecessor-version":[{"id":976,"href":"http:\/\/boutique-extasa.com\/de\/wp-json\/wp\/v2\/pages\/2\/revisions\/976"}],"wp:attachment":[{"href":"http:\/\/boutique-extasa.com\/de\/wp-json\/wp\/v2\/media?parent=2"}],"curies":[{"name":"wp","href":"https:\/\/api.w.org\/{rel}","templated":true}]}}